{"id":1126,"date":"2020-02-25T08:13:49","date_gmt":"2020-02-25T08:13:49","guid":{"rendered":"http:\/\/demo.wpsmartapps.com\/manual\/one\/?page_id=1126"},"modified":"2024-06-30T17:24:00","modified_gmt":"2024-06-30T16:24:00","slug":"home-landing","status":"publish","type":"page","link":"https:\/\/advento.info\/","title":{"rendered":"Inicio"},"content":{"rendered":"<div class=\"wpb-content-wrapper\"><p>[vc_row row_content_display=&#8221;in_grid&#8221; row_content_display_align=&#8221;left&#8221; row_type=&#8221;row&#8221; stretch_row_type=&#8221;yes&#8221; css=&#8221;.vc_custom_1599202720976{padding-top: 50px !important;padding-bottom: 0px !important;}&#8221;][vc_column][vc_custom_heading text=&#8221;Categor\u00edas&#8221; font_container=&#8221;tag:h3|text_align:left&#8221; use_theme_fonts=&#8221;yes&#8221; css=&#8221;.vc_custom_1599202517428{padding-bottom: 45px !important;}&#8221;][\/vc_column][\/vc_row][vc_row row_content_display=&#8221;in_grid&#8221; row_content_display_align=&#8221;left&#8221; row_type=&#8221;row&#8221; stretch_row_type=&#8221;yes&#8221; css=&#8221;.vc_custom_1599202551547{padding: 0px !important;}&#8221;][vc_column]<div class=\"row-eq-height\"><div class=\"col-md-6 col-sm-12 KbCategory__box_layout2\" ><div class=\"KbCategory__box_layout2__boxInner\" style=\"border: 1px solid #ededed;background:#ffffff;border-radius:4px;height:auto; \"><div class=\"flex\"><div class=\"mediaFigure \"><i class=\"icon_documents_alt\" style=\"color:#818A97;font-size:45px;\"><\/i><\/div><div class=\"mediaContent\"><h5><a href=\"https:\/\/advento.info\/index.php\/doc\/telefonia-voip\/\">Telefon\u00eda VoIP<\/a><\/h5><p style=\"color:;\"><\/p><div style=\"padding:5px 0px;\"> <a href=\"https:\/\/advento.info\/index.php\/doc\/telefonia-voip\/\" class=\"custom-link hvr-icon-wobble-horizontal\" style=\"font-weight:inherit;\">\r\n               196&nbsp; articles in this collection <\/a><\/div><\/div><\/div> <\/div> <\/div><div class=\"col-md-6 col-sm-12 KbCategory__box_layout2\" ><div class=\"KbCategory__box_layout2__boxInner\" style=\"border: 1px solid #ededed;background:#ffffff;border-radius:4px;height:auto; \"><div class=\"flex\"><div class=\"mediaFigure \"><i class=\"icon_documents_alt\" style=\"color:#818A97;font-size:45px;\"><\/i><\/div><div class=\"mediaContent\"><h5><a href=\"https:\/\/advento.info\/index.php\/doc\/gestion-de-servicios\/\">Gesti\u00f3n de Servicios<\/a><\/h5><p style=\"color:;\"><\/p><div style=\"padding:5px 0px;\"> <a href=\"https:\/\/advento.info\/index.php\/doc\/gestion-de-servicios\/\" class=\"custom-link hvr-icon-wobble-horizontal\" style=\"font-weight:inherit;\">\r\n               30&nbsp; articles in this collection <\/a><\/div><\/div><\/div> <\/div> <\/div> <\/div><div class=\"row-eq-height\"><\/div>[\/vc_column][\/vc_row][vc_row row_content_display=&#8221;in_grid&#8221; row_content_display_align=&#8221;left&#8221; row_type=&#8221;row&#8221; stretch_row_type=&#8221;yes&#8221; css=&#8221;.vc_custom_1582095168346{padding-top: 50px !important;padding-bottom: 75px !important;}&#8221;][vc_column][vc_custom_heading text=&#8221;Manuales y gu\u00edas populares&#8221; font_container=&#8221;tag:h3|text_align:left&#8221; use_theme_fonts=&#8221;yes&#8221; css=&#8221;.vc_custom_1594223958000{padding-bottom: 45px !important;}&#8221;]<div class=\"row row-eq-height\" style=\"margin: 0px;\"><div class=\"col-md-4 col-sm-12 vc-manualfaq-blocks hvr-bob\" style=\"background:#f1f1f1; border-bottom-color:#dad5d5;\"><h4 class=\"title-faq-cat\"><a href=\"https:\/\/advento.info\/index.php\/documentacion\/introduccion-a-cloudpbx\/\">Cloud PBX<\/a><\/h4><p>La centralita telef\u00f3nica en la nube Cloud PBX de Adiptel, hace la misma funci\u00f3n que..<\/p><\/div><div class=\"col-md-4 col-sm-12 vc-manualfaq-blocks hvr-bob\" style=\"background:#f1f1f1; border-bottom-color:#dad5d5;\"><h4 class=\"title-faq-cat\"><a href=\"https:\/\/advento.info\/index.php\/documentacion\/introduccion-a-cloudpbx\/descripcion-general\/\">Descripci\u00f3n general<\/a><\/h4><p>La centralita telef\u00f3nica en la nube (CloudPBX) de Adiptel, hace la misma funci\u00f3n que una..<\/p><\/div><div class=\"col-md-4 col-sm-12 vc-manualfaq-blocks hvr-bob\" style=\"background:#f1f1f1; border-bottom-color:#dad5d5;\"><h4 class=\"title-faq-cat\"><a href=\"https:\/\/advento.info\/index.php\/documentacion\/introduccion-a-cloudpbx\/configuracion-inicial\/\">Configuraci\u00f3n Inicial<\/a><\/h4><p>A continuaci\u00f3n, vamos a explicar los pasos que usted necesita para tener un Cloud PBX..<\/p><\/div><\/div><div class=\"row row-eq-height\" style=\"margin: 0px;\"><div class=\"col-md-4 col-sm-12 vc-manualfaq-blocks hvr-bob\" style=\"background:#f1f1f1; border-bottom-color:#dad5d5;\"><h4 class=\"title-faq-cat\"><a href=\"https:\/\/advento.info\/index.php\/documentacion\/introduccion-a-cloudpbx\/consideraciones-de-configuracion\/\">Consideraciones de Configuraci\u00f3n<\/a><\/h4><p>Seguridad Al igual que cualquier otra computadora en su red que est\u00e9 conectada a Internet,..<\/p><\/div><div class=\"col-md-4 col-sm-12 vc-manualfaq-blocks hvr-bob\" style=\"background:#f1f1f1; border-bottom-color:#dad5d5;\"><h4 class=\"title-faq-cat\"><a href=\"https:\/\/advento.info\/index.php\/documentacion\/introduccion-a-cloudpbx\/pbx\/\">PBX<\/a><\/h4><p>Aqu\u00ed podemos encontrar todo acerca de la configuraci\u00f3n de nuestra PBX. A continuaci\u00f3n un listado..<\/p><\/div><div class=\"col-md-4 col-sm-12 vc-manualfaq-blocks hvr-bob\" style=\"background:#f1f1f1; border-bottom-color:#dad5d5;\"><h4 class=\"title-faq-cat\"><a href=\"https:\/\/advento.info\/index.php\/documentacion\/introduccion-a-cloudpbx\/pbx\/extensiones\/\">Extensiones<\/a><\/h4><p>En esta parte del men\u00fa encontrar\u00e1 todo lo relativo a Extensiones, a continuaci\u00f3n mostramos el..<\/p><\/div><\/div><div class=\"row row-eq-height\" style=\"margin: 0px;\"><\/div>[\/vc_column][\/vc_row][vc_row row_content_display=&#8221;in_grid&#8221; row_content_display_align=&#8221;left&#8221; row_type=&#8221;row&#8221; stretch_row_type=&#8221;yes&#8221; background_color=&#8221;#2278df&#8221; background_linear_gradient_color_stretch=&#8221;#eceaf9&#8243; background_replace_color_by_image=&#8221;1243&#8243; css=&#8221;.vc_custom_1598972145359{padding-top: 70px !important;padding-bottom: 85px !important;}&#8221;][vc_column][vc_custom_heading text=&#8221;Encuentre f\u00e1cilmente las respuestas a sus preguntas&#8221; font_container=&#8221;tag:h3|text_align:center|color:%23ffffff&#8221; use_theme_fonts=&#8221;yes&#8221; css=&#8221;.vc_custom_1598972222784{padding-bottom: 45px !important;}&#8221;][\/vc_column][\/vc_row][vc_row equal_height=&#8221;yes&#8221; row_content_display=&#8221;in_grid&#8221; row_content_display_align=&#8221;left&#8221; row_type=&#8221;row&#8221; stretch_row_type=&#8221;yes&#8221; css=&#8221;.vc_custom_1598973688300{margin-top: 50px !important;margin-right: 10px !important;margin-bottom: 10px !important;margin-left: 10px !important;}&#8221;][vc_column]<div class=\"masonry-grid\"><div class=\"col-md-4 col-sm-12 masonry-item body-content\"> \r\n\t\t\t\t    <div class=\"knowledgebase-body\" ><div class=\"kb-title-wrap\"  ><div class=\"kb-masonry-icon\" ><h5><i class=\"icon-briefcase\" style=\"font-size:19px;color:inherit;\" ><\/i><\/h5><\/div><div class=\"vc-kb-masonry-tag-right\" ><h5><a href=\"https:\/\/advento.info\/index.php\/kb_\/cloud-pbx\/\">Cloud PBX<\/a> \r\n                     <\/h5><div style=\"color:#96989a\"><\/div><\/div><span class=\"separator small\"><\/span><\/div><ul class=\"kbse \"><li class=\"cat inner  \"> <a href=\"https:\/\/advento.info\/index.php\/knowledgebase_\/como-empezar\/\" >\u00bfC\u00f3mo empezar a configurar la PBX?<\/a> <\/li><li class=\"cat inner  \"> <a href=\"https:\/\/advento.info\/index.php\/knowledgebase_\/como-crear-una-extension\/\" >\u00bfC\u00f3mo crear una extensi\u00f3n?<\/a> <\/li><li class=\"cat inner  \"> <a href=\"https:\/\/advento.info\/index.php\/knowledgebase_\/como-anado-una-locucion-de-bienvenida-a-mi-centralita\/\" >\u00bfC\u00f3mo a\u00f1ado una locuci\u00f3n de bienvenida a mi centralita?<\/a> <\/li><li class=\"cat inner  \"> <a href=\"https:\/\/advento.info\/index.php\/knowledgebase_\/como-defino-el-horario-de-atencion-al-cliente\/\" >\u00bfC\u00f3mo defino el horario de atenci\u00f3n al cliente?<\/a> <\/li><li class=\"cat inner  \"> <a href=\"https:\/\/advento.info\/index.php\/knowledgebase_\/como-anado-la-musica-en-espera-a-la-centralita\/\" >\u00bfC\u00f3mo a\u00f1ado la m\u00fasica en espera a la centralita?<\/a> <\/li><\/ul><div style=\"padding:10px 0px;\"> <a href=\"https:\/\/advento.info\/index.php\/kb_\/cloud-pbx\/\" class=\"custom-link hvr-icon-wobble-horizontal kblnk\">View All&nbsp;12&nbsp;&nbsp;<i class=\"fa fa-arrow-right hvr-icon\"><\/i><\/a><\/div><\/div> <\/div><div class=\"col-md-4 col-sm-12 masonry-item body-content\"> \r\n\t\t\t\t    <div class=\"knowledgebase-body\" ><div class=\"kb-title-wrap\"  ><div class=\"kb-masonry-icon\" ><h5><i class=\"icon-briefcase\" style=\"font-size:19px;color:inherit;\" ><\/i><\/h5><\/div><div class=\"vc-kb-masonry-tag-right\" ><h5><a href=\"https:\/\/advento.info\/index.php\/kb_\/telefonia-ip-voip\/\">Telefon\u00eda IP - VoIP<\/a> \r\n                     <\/h5><div style=\"color:#96989a\"><\/div><\/div><span class=\"separator small\"><\/span><\/div><ul class=\"kbse \"><li class=\"cat inner  \"> <a href=\"https:\/\/advento.info\/index.php\/knowledgebase_\/pjsip\/\" >PJSIP<\/a> <\/li><\/ul><\/div> <\/div><\/div>[\/vc_column][\/vc_row]<\/p>\n<\/div>","protected":false},"excerpt":{"rendered":"<p>[vc_row row_content_display=&#8221;in_grid&#8221; row_content_display_align=&#8221;left&#8221; row_type=&#8221;row&#8221; stretch_row_type=&#8221;yes&#8221; css=&#8221;.vc_custom_1599202720976{padding-top: 50px !important;padding-bottom: 0px !important;}&#8221;][vc_column][vc_custom_heading text=&#8221;Categor\u00edas&#8221; font_container=&#8221;tag:h3|text_align:left&#8221; use_theme_fonts=&#8221;yes&#8221; css=&#8221;.vc_custom_1599202517428{padding-bottom: 45px !important;}&#8221;][\/vc_column][\/vc_row][vc_row row_content_display=&#8221;in_grid&#8221; row_content_display_align=&#8221;left&#8221; row_type=&#8221;row&#8221; stretch_row_type=&#8221;yes&#8221; css=&#8221;.vc_custom_1599202551547{padding: 0px !important;}&#8221;][vc_column][\/vc_column][\/vc_row][vc_row row_content_display=&#8221;in_grid&#8221; row_content_display_align=&#8221;left&#8221; row_type=&#8221;row&#8221; stretch_row_type=&#8221;yes&#8221; css=&#8221;.vc_custom_1582095168346{padding-top: 50px !important;padding-bottom: 75px !important;}&#8221;][vc_column][vc_custom_heading text=&#8221;Manuales y gu\u00edas populares&#8221; font_container=&#8221;tag:h3|text_align:left&#8221; use_theme_fonts=&#8221;yes&#8221; css=&#8221;.vc_custom_1594223958000{padding-bottom: 45px !important;}&#8221;][\/vc_column][\/vc_row][vc_row row_content_display=&#8221;in_grid&#8221; row_content_display_align=&#8221;left&#8221; row_type=&#8221;row&#8221; stretch_row_type=&#8221;yes&#8221; background_color=&#8221;#2278df&#8221; background_linear_gradient_color_stretch=&#8221;#eceaf9&#8243; background_replace_color_by_image=&#8221;1243&#8243; css=&#8221;.vc_custom_1598972145359{padding-top: 70px !important;padding-bottom: 85px !important;}&#8221;][vc_column][vc_custom_heading text=&#8221;Encuentre f\u00e1cilmente [&hellip;]<\/p>\n","protected":false},"author":1,"featured_media":0,"parent":0,"menu_order":0,"comment_status":"closed","ping_status":"closed","template":"template-page-full-width-vc.php","meta":{"_bbp_topic_count":0,"_bbp_reply_count":0,"_bbp_total_topic_count":0,"_bbp_total_reply_count":0,"_bbp_voice_count":0,"_bbp_anonymous_reply_count":0,"_bbp_topic_count_hidden":0,"_bbp_reply_count_hidden":0,"_bbp_forum_subforum_count":0,"footnotes":""},"class_list":["post-1126","page","type-page","status-publish","hentry"],"yoast_head":"<!-- This site is optimized with the Yoast SEO plugin v24.6 - https:\/\/yoast.com\/wordpress\/plugins\/seo\/ -->\n<title>Inicio - Documentaci\u00f3n Advento networks<\/title>\n<meta name=\"robots\" content=\"index, follow, max-snippet:-1, max-image-preview:large, max-video-preview:-1\" \/>\n<link rel=\"canonical\" href=\"https:\/\/advento.info\/\" \/>\n<meta property=\"og:locale\" content=\"es_ES\" \/>\n<meta property=\"og:type\" content=\"article\" \/>\n<meta property=\"og:title\" content=\"Inicio - Documentaci\u00f3n Advento networks\" \/>\n<meta property=\"og:description\" content=\"[vc_row row_content_display=&#8221;in_grid&#8221; row_content_display_align=&#8221;left&#8221; row_type=&#8221;row&#8221; stretch_row_type=&#8221;yes&#8221; css=&#8221;.vc_custom_1599202720976{padding-top: 50px !important;padding-bottom: 0px !important;}&#8221;][vc_column][vc_custom_heading text=&#8221;Categor\u00edas&#8221; font_container=&#8221;tag:h3|text_align:left&#8221; use_theme_fonts=&#8221;yes&#8221; css=&#8221;.vc_custom_1599202517428{padding-bottom: 45px !important;}&#8221;][\/vc_column][\/vc_row][vc_row row_content_display=&#8221;in_grid&#8221; row_content_display_align=&#8221;left&#8221; row_type=&#8221;row&#8221; stretch_row_type=&#8221;yes&#8221; css=&#8221;.vc_custom_1599202551547{padding: 0px !important;}&#8221;][vc_column][\/vc_column][\/vc_row][vc_row row_content_display=&#8221;in_grid&#8221; row_content_display_align=&#8221;left&#8221; row_type=&#8221;row&#8221; stretch_row_type=&#8221;yes&#8221; css=&#8221;.vc_custom_1582095168346{padding-top: 50px !important;padding-bottom: 75px !important;}&#8221;][vc_column][vc_custom_heading text=&#8221;Manuales y gu\u00edas populares&#8221; font_container=&#8221;tag:h3|text_align:left&#8221; use_theme_fonts=&#8221;yes&#8221; css=&#8221;.vc_custom_1594223958000{padding-bottom: 45px !important;}&#8221;][\/vc_column][\/vc_row][vc_row row_content_display=&#8221;in_grid&#8221; row_content_display_align=&#8221;left&#8221; row_type=&#8221;row&#8221; stretch_row_type=&#8221;yes&#8221; background_color=&#8221;#2278df&#8221; background_linear_gradient_color_stretch=&#8221;#eceaf9&#8243; background_replace_color_by_image=&#8221;1243&#8243; css=&#8221;.vc_custom_1598972145359{padding-top: 70px !important;padding-bottom: 85px !important;}&#8221;][vc_column][vc_custom_heading text=&#8221;Encuentre f\u00e1cilmente [&hellip;]\" \/>\n<meta property=\"og:url\" content=\"https:\/\/advento.info\/\" \/>\n<meta property=\"og:site_name\" content=\"Documentaci\u00f3n Advento networks\" \/>\n<meta property=\"article:modified_time\" content=\"2024-06-30T16:24:00+00:00\" \/>\n<meta name=\"twitter:card\" content=\"summary_large_image\" \/>\n<meta name=\"twitter:label1\" content=\"Tiempo de lectura\" \/>\n\t<meta name=\"twitter:data1\" content=\"1 minuto\" \/>\n<script type=\"application\/ld+json\" class=\"yoast-schema-graph\">{\"@context\":\"https:\/\/schema.org\",\"@graph\":[{\"@type\":\"WebPage\",\"@id\":\"https:\/\/advento.info\/\",\"url\":\"https:\/\/advento.info\/\",\"name\":\"Inicio - Documentaci\u00f3n Advento networks\",\"isPartOf\":{\"@id\":\"https:\/\/advento.info\/#website\"},\"datePublished\":\"2020-02-25T08:13:49+00:00\",\"dateModified\":\"2024-06-30T16:24:00+00:00\",\"breadcrumb\":{\"@id\":\"https:\/\/advento.info\/#breadcrumb\"},\"inLanguage\":\"es\",\"potentialAction\":[{\"@type\":\"ReadAction\",\"target\":[\"https:\/\/advento.info\/\"]}]},{\"@type\":\"BreadcrumbList\",\"@id\":\"https:\/\/advento.info\/#breadcrumb\",\"itemListElement\":[{\"@type\":\"ListItem\",\"position\":1,\"name\":\"Portada\",\"item\":\"https:\/\/advento.info\/\"},{\"@type\":\"ListItem\",\"position\":2,\"name\":\"Inicio\"}]},{\"@type\":\"WebSite\",\"@id\":\"https:\/\/advento.info\/#website\",\"url\":\"https:\/\/advento.info\/\",\"name\":\"Documentaci\u00f3n Advento networks\",\"description\":\"Documentaci\u00f3n\",\"publisher\":{\"@id\":\"https:\/\/advento.info\/#organization\"},\"potentialAction\":[{\"@type\":\"SearchAction\",\"target\":{\"@type\":\"EntryPoint\",\"urlTemplate\":\"https:\/\/advento.info\/?s={search_term_string}\"},\"query-input\":{\"@type\":\"PropertyValueSpecification\",\"valueRequired\":true,\"valueName\":\"search_term_string\"}}],\"inLanguage\":\"es\"},{\"@type\":\"Organization\",\"@id\":\"https:\/\/advento.info\/#organization\",\"name\":\"Documentaci\u00f3n Advento networks\",\"url\":\"https:\/\/advento.info\/\",\"logo\":{\"@type\":\"ImageObject\",\"inLanguage\":\"es\",\"@id\":\"https:\/\/advento.info\/#\/schema\/logo\/image\/\",\"url\":\"https:\/\/advento.info\/wp-content\/uploads\/2020\/07\/Logo_advento_gris_479.png\",\"contentUrl\":\"https:\/\/advento.info\/wp-content\/uploads\/2020\/07\/Logo_advento_gris_479.png\",\"width\":479,\"height\":92,\"caption\":\"Documentaci\u00f3n  Advento networks\"},\"image\":{\"@id\":\"https:\/\/advento.info\/#\/schema\/logo\/image\/\"}}]}<\/script>\n<!-- \/ Yoast SEO plugin. -->","yoast_head_json":{"title":"Inicio - Documentaci\u00f3n Advento networks","robots":{"index":"index","follow":"follow","max-snippet":"max-snippet:-1","max-image-preview":"max-image-preview:large","max-video-preview":"max-video-preview:-1"},"canonical":"https:\/\/advento.info\/","og_locale":"es_ES","og_type":"article","og_title":"Inicio - Documentaci\u00f3n Advento networks","og_description":"[vc_row row_content_display=&#8221;in_grid&#8221; row_content_display_align=&#8221;left&#8221; row_type=&#8221;row&#8221; stretch_row_type=&#8221;yes&#8221; css=&#8221;.vc_custom_1599202720976{padding-top: 50px !important;padding-bottom: 0px !important;}&#8221;][vc_column][vc_custom_heading text=&#8221;Categor\u00edas&#8221; font_container=&#8221;tag:h3|text_align:left&#8221; use_theme_fonts=&#8221;yes&#8221; css=&#8221;.vc_custom_1599202517428{padding-bottom: 45px !important;}&#8221;][\/vc_column][\/vc_row][vc_row row_content_display=&#8221;in_grid&#8221; row_content_display_align=&#8221;left&#8221; row_type=&#8221;row&#8221; stretch_row_type=&#8221;yes&#8221; css=&#8221;.vc_custom_1599202551547{padding: 0px !important;}&#8221;][vc_column][\/vc_column][\/vc_row][vc_row row_content_display=&#8221;in_grid&#8221; row_content_display_align=&#8221;left&#8221; row_type=&#8221;row&#8221; stretch_row_type=&#8221;yes&#8221; css=&#8221;.vc_custom_1582095168346{padding-top: 50px !important;padding-bottom: 75px !important;}&#8221;][vc_column][vc_custom_heading text=&#8221;Manuales y gu\u00edas populares&#8221; font_container=&#8221;tag:h3|text_align:left&#8221; use_theme_fonts=&#8221;yes&#8221; css=&#8221;.vc_custom_1594223958000{padding-bottom: 45px !important;}&#8221;][\/vc_column][\/vc_row][vc_row row_content_display=&#8221;in_grid&#8221; row_content_display_align=&#8221;left&#8221; row_type=&#8221;row&#8221; stretch_row_type=&#8221;yes&#8221; background_color=&#8221;#2278df&#8221; background_linear_gradient_color_stretch=&#8221;#eceaf9&#8243; background_replace_color_by_image=&#8221;1243&#8243; css=&#8221;.vc_custom_1598972145359{padding-top: 70px !important;padding-bottom: 85px !important;}&#8221;][vc_column][vc_custom_heading text=&#8221;Encuentre f\u00e1cilmente [&hellip;]","og_url":"https:\/\/advento.info\/","og_site_name":"Documentaci\u00f3n Advento networks","article_modified_time":"2024-06-30T16:24:00+00:00","twitter_card":"summary_large_image","twitter_misc":{"Tiempo de lectura":"1 minuto"},"schema":{"@context":"https:\/\/schema.org","@graph":[{"@type":"WebPage","@id":"https:\/\/advento.info\/","url":"https:\/\/advento.info\/","name":"Inicio - Documentaci\u00f3n Advento networks","isPartOf":{"@id":"https:\/\/advento.info\/#website"},"datePublished":"2020-02-25T08:13:49+00:00","dateModified":"2024-06-30T16:24:00+00:00","breadcrumb":{"@id":"https:\/\/advento.info\/#breadcrumb"},"inLanguage":"es","potentialAction":[{"@type":"ReadAction","target":["https:\/\/advento.info\/"]}]},{"@type":"BreadcrumbList","@id":"https:\/\/advento.info\/#breadcrumb","itemListElement":[{"@type":"ListItem","position":1,"name":"Portada","item":"https:\/\/advento.info\/"},{"@type":"ListItem","position":2,"name":"Inicio"}]},{"@type":"WebSite","@id":"https:\/\/advento.info\/#website","url":"https:\/\/advento.info\/","name":"Documentaci\u00f3n Advento networks","description":"Documentaci\u00f3n","publisher":{"@id":"https:\/\/advento.info\/#organization"},"potentialAction":[{"@type":"SearchAction","target":{"@type":"EntryPoint","urlTemplate":"https:\/\/advento.info\/?s={search_term_string}"},"query-input":{"@type":"PropertyValueSpecification","valueRequired":true,"valueName":"search_term_string"}}],"inLanguage":"es"},{"@type":"Organization","@id":"https:\/\/advento.info\/#organization","name":"Documentaci\u00f3n Advento networks","url":"https:\/\/advento.info\/","logo":{"@type":"ImageObject","inLanguage":"es","@id":"https:\/\/advento.info\/#\/schema\/logo\/image\/","url":"https:\/\/advento.info\/wp-content\/uploads\/2020\/07\/Logo_advento_gris_479.png","contentUrl":"https:\/\/advento.info\/wp-content\/uploads\/2020\/07\/Logo_advento_gris_479.png","width":479,"height":92,"caption":"Documentaci\u00f3n  Advento networks"},"image":{"@id":"https:\/\/advento.info\/#\/schema\/logo\/image\/"}}]}},"_links":{"self":[{"href":"https:\/\/advento.info\/index.php\/wp-json\/wp\/v2\/pages\/1126","targetHints":{"allow":["GET"]}}],"collection":[{"href":"https:\/\/advento.info\/index.php\/wp-json\/wp\/v2\/pages"}],"about":[{"href":"https:\/\/advento.info\/index.php\/wp-json\/wp\/v2\/types\/page"}],"author":[{"embeddable":true,"href":"https:\/\/advento.info\/index.php\/wp-json\/wp\/v2\/users\/1"}],"replies":[{"embeddable":true,"href":"https:\/\/advento.info\/index.php\/wp-json\/wp\/v2\/comments?post=1126"}],"version-history":[{"count":0,"href":"https:\/\/advento.info\/index.php\/wp-json\/wp\/v2\/pages\/1126\/revisions"}],"wp:attachment":[{"href":"https:\/\/advento.info\/index.php\/wp-json\/wp\/v2\/media?parent=1126"}],"curies":[{"name":"wp","href":"https:\/\/api.w.org\/{rel}","templated":true}]}}