{"id":1985,"date":"2020-02-29T06:29:53","date_gmt":"2020-02-29T06:29:53","guid":{"rendered":"http:\/\/demo.wpsmartapps.com\/themes\/manual\/?page_id=1985"},"modified":"2020-02-29T06:29:53","modified_gmt":"2020-02-29T06:29:53","slug":"kb-style-two","status":"publish","type":"page","link":"https:\/\/advento.info\/index.php\/kb-style-two\/","title":{"rendered":"kb style two"},"content":{"rendered":"<div class=\"wpb-content-wrapper\"><p>[vc_row row_content_display=&#8221;in_grid&#8221; row_content_display_align=&#8221;left&#8221; row_type=&#8221;row&#8221; stretch_row_type=&#8221;yes&#8221; background_color=&#8221;#f1f1f1&#8243; css=&#8221;.vc_custom_1582957713204{padding-top: 90px !important;padding-bottom: 60px !important;}&#8221;][vc_column]<div class=\"masonry-grid\"><div class=\"col-md-4 col-sm-12 masonry-item body-content\"> \r\n\t\t\t\t    <div class=\"knowledgebase-body\" style=\"border:1px solid #dcdcdc;  padding: 19px; background:#ffffff;\"><div class=\"kb-title-wrap\"  ><div class=\"kb-masonry-icon\" ><h5><i class=\"icon-briefcase\" style=\"font-size:19px;color:#46b289;\" ><\/i><\/h5><\/div><div class=\"vc-kb-masonry-tag-right\" ><h5><a href=\"https:\/\/advento.info\/index.php\/kb_\/cloud-pbx\/\">Cloud PBX<\/a> \r\n                     <\/h5><div style=\"color:#595a5a\"><\/div><div><p style=\"color:#4845ec\">12 articles<\/p><\/div><\/div><span class=\"separator small\"><\/span><\/div><ul class=\"kbse \"><li class=\"cat inner  \"> <a href=\"https:\/\/advento.info\/index.php\/knowledgebase_\/como-empezar\/\" >\u00bfC\u00f3mo empezar a configurar la PBX?<\/a> <\/li><li class=\"cat inner  \"> <a href=\"https:\/\/advento.info\/index.php\/knowledgebase_\/como-crear-una-extension\/\" >\u00bfC\u00f3mo crear una extensi\u00f3n?<\/a> <\/li><li class=\"cat inner  \"> <a href=\"https:\/\/advento.info\/index.php\/knowledgebase_\/como-anado-una-locucion-de-bienvenida-a-mi-centralita\/\" >\u00bfC\u00f3mo a\u00f1ado una locuci\u00f3n de bienvenida a mi centralita?<\/a> <\/li><li class=\"cat inner  \"> <a href=\"https:\/\/advento.info\/index.php\/knowledgebase_\/como-defino-el-horario-de-atencion-al-cliente\/\" >\u00bfC\u00f3mo defino el horario de atenci\u00f3n al cliente?<\/a> <\/li><li class=\"cat inner  \"> <a href=\"https:\/\/advento.info\/index.php\/knowledgebase_\/como-anado-la-musica-en-espera-a-la-centralita\/\" >\u00bfC\u00f3mo a\u00f1ado la m\u00fasica en espera a la centralita?<\/a> <\/li><\/ul><\/div> <\/div><div class=\"col-md-4 col-sm-12 masonry-item body-content\"> \r\n\t\t\t\t    <div class=\"knowledgebase-body\" style=\"border:1px solid #dcdcdc;  padding: 19px; background:#ffffff;\"><div class=\"kb-title-wrap\"  ><div class=\"kb-masonry-icon\" ><h5><i class=\"icon-briefcase\" style=\"font-size:19px;color:#46b289;\" ><\/i><\/h5><\/div><div class=\"vc-kb-masonry-tag-right\" ><h5><a href=\"https:\/\/advento.info\/index.php\/kb_\/telefonia-ip-voip\/\">Telefon\u00eda IP - VoIP<\/a> \r\n                     <\/h5><div style=\"color:#595a5a\"><\/div><\/div><span class=\"separator small\"><\/span><\/div><ul class=\"kbse \"><li class=\"cat inner  \"> <a href=\"https:\/\/advento.info\/index.php\/knowledgebase_\/pjsip\/\" >PJSIP<\/a> <\/li><\/ul><\/div> <\/div><\/div>[\/vc_column][\/vc_row]<\/p>\n<\/div>","protected":false},"excerpt":{"rendered":"<p>[vc_row row_content_display=&#8221;in_grid&#8221; row_content_display_align=&#8221;left&#8221; row_type=&#8221;row&#8221; stretch_row_type=&#8221;yes&#8221; background_color=&#8221;#f1f1f1&#8243; css=&#8221;.vc_custom_1582957713204{padding-top: 90px !important;padding-bottom: 60px !important;}&#8221;][vc_column][\/vc_column][\/vc_row]<\/p>\n","protected":false},"author":1,"featured_media":0,"parent":0,"menu_order":0,"comment_status":"closed","ping_status":"closed","template":"template-page-full-width-vc.php","meta":{"_bbp_topic_count":0,"_bbp_reply_count":0,"_bbp_total_topic_count":0,"_bbp_total_reply_count":0,"_bbp_voice_count":0,"_bbp_anonymous_reply_count":0,"_bbp_topic_count_hidden":0,"_bbp_reply_count_hidden":0,"_bbp_forum_subforum_count":0,"footnotes":""},"class_list":["post-1985","page","type-page","status-publish","hentry"],"yoast_head":"<!-- This site is optimized with the Yoast SEO plugin v24.6 - https:\/\/yoast.com\/wordpress\/plugins\/seo\/ -->\n<title>kb style two - Documentaci\u00f3n Advento networks<\/title>\n<meta name=\"robots\" content=\"index, follow, max-snippet:-1, max-image-preview:large, max-video-preview:-1\" \/>\n<link rel=\"canonical\" href=\"https:\/\/advento.info\/index.php\/kb-style-two\/\" \/>\n<meta property=\"og:locale\" content=\"es_ES\" \/>\n<meta property=\"og:type\" content=\"article\" \/>\n<meta property=\"og:title\" content=\"kb style two - Documentaci\u00f3n Advento networks\" \/>\n<meta property=\"og:description\" content=\"[vc_row row_content_display=&#8221;in_grid&#8221; row_content_display_align=&#8221;left&#8221; row_type=&#8221;row&#8221; stretch_row_type=&#8221;yes&#8221; background_color=&#8221;#f1f1f1&#8243; css=&#8221;.vc_custom_1582957713204{padding-top: 90px !important;padding-bottom: 60px !important;}&#8221;][vc_column][\/vc_column][\/vc_row]\" \/>\n<meta property=\"og:url\" content=\"https:\/\/advento.info\/index.php\/kb-style-two\/\" \/>\n<meta property=\"og:site_name\" content=\"Documentaci\u00f3n Advento networks\" \/>\n<meta name=\"twitter:card\" content=\"summary_large_image\" \/>\n<script type=\"application\/ld+json\" class=\"yoast-schema-graph\">{\"@context\":\"https:\/\/schema.org\",\"@graph\":[{\"@type\":\"WebPage\",\"@id\":\"https:\/\/advento.info\/index.php\/kb-style-two\/\",\"url\":\"https:\/\/advento.info\/index.php\/kb-style-two\/\",\"name\":\"kb style two - Documentaci\u00f3n Advento networks\",\"isPartOf\":{\"@id\":\"https:\/\/advento.info\/#website\"},\"datePublished\":\"2020-02-29T06:29:53+00:00\",\"breadcrumb\":{\"@id\":\"https:\/\/advento.info\/index.php\/kb-style-two\/#breadcrumb\"},\"inLanguage\":\"es\",\"potentialAction\":[{\"@type\":\"ReadAction\",\"target\":[\"https:\/\/advento.info\/index.php\/kb-style-two\/\"]}]},{\"@type\":\"BreadcrumbList\",\"@id\":\"https:\/\/advento.info\/index.php\/kb-style-two\/#breadcrumb\",\"itemListElement\":[{\"@type\":\"ListItem\",\"position\":1,\"name\":\"Portada\",\"item\":\"https:\/\/advento.info\/\"},{\"@type\":\"ListItem\",\"position\":2,\"name\":\"kb style two\"}]},{\"@type\":\"WebSite\",\"@id\":\"https:\/\/advento.info\/#website\",\"url\":\"https:\/\/advento.info\/\",\"name\":\"Documentaci\u00f3n Advento networks\",\"description\":\"Documentaci\u00f3n\",\"publisher\":{\"@id\":\"https:\/\/advento.info\/#organization\"},\"potentialAction\":[{\"@type\":\"SearchAction\",\"target\":{\"@type\":\"EntryPoint\",\"urlTemplate\":\"https:\/\/advento.info\/?s={search_term_string}\"},\"query-input\":{\"@type\":\"PropertyValueSpecification\",\"valueRequired\":true,\"valueName\":\"search_term_string\"}}],\"inLanguage\":\"es\"},{\"@type\":\"Organization\",\"@id\":\"https:\/\/advento.info\/#organization\",\"name\":\"Documentaci\u00f3n Advento networks\",\"url\":\"https:\/\/advento.info\/\",\"logo\":{\"@type\":\"ImageObject\",\"inLanguage\":\"es\",\"@id\":\"https:\/\/advento.info\/#\/schema\/logo\/image\/\",\"url\":\"https:\/\/advento.info\/wp-content\/uploads\/2020\/07\/Logo_advento_gris_479.png\",\"contentUrl\":\"https:\/\/advento.info\/wp-content\/uploads\/2020\/07\/Logo_advento_gris_479.png\",\"width\":479,\"height\":92,\"caption\":\"Documentaci\u00f3n  Advento networks\"},\"image\":{\"@id\":\"https:\/\/advento.info\/#\/schema\/logo\/image\/\"}}]}<\/script>\n<!-- \/ Yoast SEO plugin. -->","yoast_head_json":{"title":"kb style two - Documentaci\u00f3n Advento networks","robots":{"index":"index","follow":"follow","max-snippet":"max-snippet:-1","max-image-preview":"max-image-preview:large","max-video-preview":"max-video-preview:-1"},"canonical":"https:\/\/advento.info\/index.php\/kb-style-two\/","og_locale":"es_ES","og_type":"article","og_title":"kb style two - Documentaci\u00f3n Advento networks","og_description":"[vc_row row_content_display=&#8221;in_grid&#8221; row_content_display_align=&#8221;left&#8221; row_type=&#8221;row&#8221; stretch_row_type=&#8221;yes&#8221; background_color=&#8221;#f1f1f1&#8243; css=&#8221;.vc_custom_1582957713204{padding-top: 90px !important;padding-bottom: 60px !important;}&#8221;][vc_column][\/vc_column][\/vc_row]","og_url":"https:\/\/advento.info\/index.php\/kb-style-two\/","og_site_name":"Documentaci\u00f3n Advento networks","twitter_card":"summary_large_image","schema":{"@context":"https:\/\/schema.org","@graph":[{"@type":"WebPage","@id":"https:\/\/advento.info\/index.php\/kb-style-two\/","url":"https:\/\/advento.info\/index.php\/kb-style-two\/","name":"kb style two - Documentaci\u00f3n Advento networks","isPartOf":{"@id":"https:\/\/advento.info\/#website"},"datePublished":"2020-02-29T06:29:53+00:00","breadcrumb":{"@id":"https:\/\/advento.info\/index.php\/kb-style-two\/#breadcrumb"},"inLanguage":"es","potentialAction":[{"@type":"ReadAction","target":["https:\/\/advento.info\/index.php\/kb-style-two\/"]}]},{"@type":"BreadcrumbList","@id":"https:\/\/advento.info\/index.php\/kb-style-two\/#breadcrumb","itemListElement":[{"@type":"ListItem","position":1,"name":"Portada","item":"https:\/\/advento.info\/"},{"@type":"ListItem","position":2,"name":"kb style two"}]},{"@type":"WebSite","@id":"https:\/\/advento.info\/#website","url":"https:\/\/advento.info\/","name":"Documentaci\u00f3n Advento networks","description":"Documentaci\u00f3n","publisher":{"@id":"https:\/\/advento.info\/#organization"},"potentialAction":[{"@type":"SearchAction","target":{"@type":"EntryPoint","urlTemplate":"https:\/\/advento.info\/?s={search_term_string}"},"query-input":{"@type":"PropertyValueSpecification","valueRequired":true,"valueName":"search_term_string"}}],"inLanguage":"es"},{"@type":"Organization","@id":"https:\/\/advento.info\/#organization","name":"Documentaci\u00f3n Advento networks","url":"https:\/\/advento.info\/","logo":{"@type":"ImageObject","inLanguage":"es","@id":"https:\/\/advento.info\/#\/schema\/logo\/image\/","url":"https:\/\/advento.info\/wp-content\/uploads\/2020\/07\/Logo_advento_gris_479.png","contentUrl":"https:\/\/advento.info\/wp-content\/uploads\/2020\/07\/Logo_advento_gris_479.png","width":479,"height":92,"caption":"Documentaci\u00f3n  Advento networks"},"image":{"@id":"https:\/\/advento.info\/#\/schema\/logo\/image\/"}}]}},"_links":{"self":[{"href":"https:\/\/advento.info\/index.php\/wp-json\/wp\/v2\/pages\/1985","targetHints":{"allow":["GET"]}}],"collection":[{"href":"https:\/\/advento.info\/index.php\/wp-json\/wp\/v2\/pages"}],"about":[{"href":"https:\/\/advento.info\/index.php\/wp-json\/wp\/v2\/types\/page"}],"author":[{"embeddable":true,"href":"https:\/\/advento.info\/index.php\/wp-json\/wp\/v2\/users\/1"}],"replies":[{"embeddable":true,"href":"https:\/\/advento.info\/index.php\/wp-json\/wp\/v2\/comments?post=1985"}],"version-history":[{"count":0,"href":"https:\/\/advento.info\/index.php\/wp-json\/wp\/v2\/pages\/1985\/revisions"}],"wp:attachment":[{"href":"https:\/\/advento.info\/index.php\/wp-json\/wp\/v2\/media?parent=1985"}],"curies":[{"name":"wp","href":"https:\/\/api.w.org\/{rel}","templated":true}]}}